{"id":23,"date":"2016-10-25T16:42:15","date_gmt":"2016-10-25T14:42:15","guid":{"rendered":"http:\/\/ernest-majo.com\/?page_id=23"},"modified":"2019-10-15T21:44:51","modified_gmt":"2019-10-15T19:44:51","slug":"media","status":"publish","type":"page","link":"https:\/\/www.ernest-majo.com\/en\/media\/","title":{"rendered":"Media"},"content":{"rendered":"<p lang=\"en\"><strong><span style=\"font-family: helvetica,arial,sans-serif; font-size: 14pt;\">On this site, you can find sheet music from Ernest Majo for free download:<\/span><\/strong><\/p>\n<p><span style=\"font-family: helvetica,arial,sans-serif; font-size: 14pt;\">If you want to know which publishing company is involved please check the<strong> <a href=\"https:\/\/online.gema.de\/werke\/search.faces\" target=\"_blank\" rel=\"noopener\">Gemaonline search<\/a><\/strong><\/span><\/p>\n<p><span style=\"font-family: helvetica,arial,sans-serif; font-size: 14pt;\">If you have problems, please feel free to contact<strong><a href=\"https:\/\/www.ernest-majo.com\/en\/impressum-2\/\"> me <\/a><\/strong><\/span><\/p>\n<p lang=\"en\"><strong><span style=\"font-family: helvetica,arial,sans-serif; font-size: 14pt;\">All blue titles are clickable and can be listened to.<\/span><\/strong><\/p>\n<p><span style=\"font-family: arial,helvetica,sans-serif; font-size: 18pt;\"><strong>Symphonic music for brass orchestra\/ instruments<br \/>\n<\/strong><\/span><\/p>\n<p><span style=\"font-family: arial,helvetica,sans-serif;\">Eisenerzer Festprolog <a href=\"https:\/\/soundcloud.com\/ernest-majo\/eisenerzer-festprolog?in=ernest-majo\/sets\/synphonische-blasmusik\" target=\"_blank\" rel=\"noopener\">Eisenerzer<\/a><\/span><br \/>\n<span style=\"font-family: arial,helvetica,sans-serif;\">Alpensinfonie (Sonthofen Suite) 1992: <a href=\"https:\/\/soundcloud.com\/ernest-majo\/sets\/alpensinfonie\" target=\"_blank\" rel=\"noopener\">Alpensinfonie<\/a><\/span><br \/>\n<span style=\"font-family: arial,helvetica,sans-serif;\"> Eine kleine Schlachtmusik <a href=\"https:\/\/soundcloud.com\/ernest-majo\/sinfonische-blaserm-ii-eine-kleine-schlachtmusik\" target=\"_blank\" rel=\"noopener\">Schlachtmusik<\/a><\/span><br \/>\n<span style=\"font-family: arial,helvetica,sans-serif;\"> Attila: <a href=\"https:\/\/soundcloud.com\/ernest-majo\/sinfonische-blaserm-ii-attila\" target=\"_blank\" rel=\"noopener\">Attila <\/a><\/span><br \/>\n<span style=\"font-family: arial,helvetica,sans-serif;\"> Triptychon <a href=\"https:\/\/soundcloud.com\/ernest-majo\/sinfonische-blaserm-iitriotychon\" target=\"_blank\" rel=\"noopener\">Triptychon<\/a><\/span><br \/>\n<span style=\"font-family: arial,helvetica,sans-serif;\"> Concertino fugato <a href=\"https:\/\/soundcloud.com\/ernest-majo\/sinfonische-blaserm-ii-concertino-fugato-1\" target=\"_blank\" rel=\"noopener\">Concertino fugato<\/a><\/span><br \/>\n<span style=\"font-family: arial,helvetica,sans-serif;\"> Spektakulum Nr 2 <a href=\"https:\/\/soundcloud.com\/ernest-majo\/sinfonische-blaserm-iispektakulum-nr2\" target=\"_blank\" rel=\"noopener\">Spektakulum Nr. 2<\/a><\/span><br \/>\n<span style=\"font-family: arial,helvetica,sans-serif;\"> Festprolog und Hymne <a href=\"https:\/\/soundcloud.com\/ernest-majo\/festprolog-und-hymne?in=ernest-majo\/sets\/synphonische-blasmusik\">Festprolog und Hymne<\/a><\/span><br \/>\n<span style=\"font-family: arial,helvetica,sans-serif;\"> Laudate <a href=\"https:\/\/soundcloud.com\/ernest-majo\/laudate?in=ernest-majo\/sets\/synphonische-blasmusik\" target=\"_blank\" rel=\"noopener\">Laudate<\/a><\/span><br \/>\n<span style=\"font-family: arial,helvetica,sans-serif;\"> Novelette <a href=\"https:\/\/soundcloud.com\/ernest-majo\/novelette?in=ernest-majo\/sets\/synphonische-blasmusik\" target=\"_blank\" rel=\"noopener\">Novelette<\/a><\/span><br \/>\n<span style=\"font-family: arial,helvetica,sans-serif;\"> Grimming Impressionen <a href=\"https:\/\/soundcloud.com\/ernest-majo\/grimming-impressionen?in=ernest-majo\/sets\/synphonische-blasmusik\" target=\"_blank\" rel=\"noopener\">Grimming Impressionen<\/a><\/span><br \/>\n<span style=\"font-family: arial,helvetica,sans-serif;\"> J\u00fctl\u00e4ndische Passion <a href=\"https:\/\/soundcloud.com\/ernest-majo\/jutlandische-passion?in=ernest-majo\/sets\/synphonische-blasmusi\" target=\"_blank\" rel=\"noopener\">J\u00fctl\u00e4ndische Passion<\/a><\/span><br \/>\n<span style=\"font-family: arial,helvetica,sans-serif;\"> Schwedische Rhapsodie <a href=\"https:\/\/soundcloud.com\/ernest-majo\/schwedische-rapsodie?in=ernest-majo\/sets\/synphonische-blasmusi\" target=\"_blank\" rel=\"noopener\">Schwedische Rhapsodie<\/a><\/span><br \/>\n<span style=\"font-family: arial,helvetica,sans-serif;\"> Alpenl\u00e4ndische Weihnacht <a href=\"https:\/\/soundcloud.com\/ernest-majo\/majo-alpenweihnach\" target=\"_blank\" rel=\"noopener\">Alpenl\u00e4ndische <\/a><\/span><br \/>\n<span style=\"font-family: arial,helvetica,sans-serif;\"> Vier Burgen Suite <a href=\"https:\/\/soundcloud.com\/ernest-majo\/sets\/vier-burgen-suit\" target=\"_blank\" rel=\"noopener\">Vier Burgen Suite<\/a><\/span><br \/>\n<span style=\"font-family: arial, helvetica, sans-serif;\">Balkanfieber <\/span><a href=\"https:\/\/www.youtube.com\/watch?v=w39veAuKQzg\" target=\"_blank\" rel=\"noopener noreferrer\"><span style=\"font-family: arial, helvetica, sans-serif;\">Balkanfieber<\/span><\/a><\/p>\n<p><span style=\"font-family: arial,helvetica,sans-serif;\"><strong>Extrasinfonie<\/strong><\/span><br \/>\n<span style=\"font-family: arial,helvetica,sans-serif;\"> Hier gehts zur Playlist von <a href=\"https:\/\/soundcloud.com\/ernest-majo\/sets\/extraphoni\" target=\"_blank\" rel=\"noopener\"><strong>Extrasinfonie <\/strong><\/a><\/span><br \/>\n<span style=\"font-family: arial,helvetica,sans-serif;\"> Rigoroso <a href=\"https:\/\/soundcloud.com\/ernest-majo\/rigorsos\" target=\"_blank\" rel=\"noopener\">Rigoroso<\/a><\/span><br \/>\n<span style=\"font-family: arial,helvetica,sans-serif;\"> Aria Chromatica <a href=\"https:\/\/soundcloud.com\/ernest-majo\/aria-chromatic\" target=\"_blank\" rel=\"noopener\">Aria Chromatica<\/a><\/span><br \/>\n<span style=\"font-family: arial,helvetica,sans-serif;\"> Thema a la Marcia und Fuga <a href=\"https:\/\/soundcloud.com\/ernest-majo\/thema-ala-marcia-und-fug\" target=\"_blank\" rel=\"noopener\">Thema a la Marcia und Fuga<\/a><\/span><\/p>\n<p><span style=\"font-family: arial,helvetica,sans-serif;\"><strong>Celebration Memory<\/strong><\/span><br \/>\n<span style=\"font-family: arial,helvetica,sans-serif;\"> Grave, Graziso L&#8217;istesso Tempo, Fugato Choral <a href=\"https:\/\/soundcloud.com\/ernest-majo\/grave-graziso-listesso-tempo-fugato-choral?in=ernest-majo\/sets\/celebration-memor\" target=\"_blank\" rel=\"noopener\"> Grave, Graziso&#8230;<\/a><\/span><\/p>\n<p><span style=\"font-family: arial,helvetica,sans-serif;\"><strong>First Synphonie<\/strong><\/span><br \/>\n<span style=\"font-family: arial,helvetica,sans-serif;\"> Hier gehts zur Playlist von <a href=\"https:\/\/soundcloud.com\/ernest-majo\/sets\/first-synphoni\" target=\"_blank\" rel=\"noopener\"><strong>First Symphonie<\/strong><\/a><\/span><br \/>\n<span style=\"font-family: arial,helvetica,sans-serif;\"> Allegro <a href=\"https:\/\/soundcloud.com\/ernest-majo\/sets\/first-synphoni\" target=\"_blank\" rel=\"noopener\">Allegro<\/a><\/span><br \/>\n<span style=\"font-family: arial,helvetica,sans-serif;\"> Largo <a href=\"https:\/\/soundcloud.com\/ernest-majo\/largo?in=ernest-majo\/sets\/first-synphoni\" target=\"_blank\" rel=\"noopener\">Largo<\/a><\/span><br \/>\n<span style=\"font-family: arial,helvetica,sans-serif;\"> Scherzo <a href=\"https:\/\/soundcloud.com\/ernest-majo\/scherzo?in=ernest-majo\/sets\/first-synphoni\" target=\"_blank\" rel=\"noopener\">Scherzo<\/a><\/span><br \/>\n<span style=\"font-family: arial,helvetica,sans-serif;\"> Finale- Choral <a href=\"https:\/\/soundcloud.com\/ernest-majo\/finale-choral?in=ernest-majo\/sets\/first-synphoni\" target=\"_blank\" rel=\"noopener\"> Finale- Choral<\/a><\/span><\/p>\n<p><span style=\"font-family: arial,helvetica,sans-serif;\"><strong>Musik der Welt (Blasmusik Orchester Musik diverses )<\/strong><\/span><br \/>\n<span style=\"font-family: arial,helvetica,sans-serif;\"> hier gehts zur <strong>Playlist von Musik der Welt<\/strong> mit den einzelnen Tracks: <a href=\"https:\/\/soundcloud.com\/ernest-majo\/sets\/musik-der-welt-\" target=\"_blank\" rel=\"noopener\">Musik der Welt<\/a><\/span><br \/>\n<span style=\"font-family: arial,helvetica,sans-serif;\"> Russlandia <a href=\"https:\/\/soundcloud.com\/ernest-majo\/sinfonische-blaserm-ii-russlandi\" target=\"_blank\" rel=\"noopener\">Russlandia<\/a><\/span><br \/>\n<span style=\"font-family: arial,helvetica,sans-serif;\"> K\u00f6nig Lear <a href=\"https:\/\/soundcloud.com\/ernest-majo\/konig-lear?in=ernest-majo\/sets\/musik-der-welt-\" target=\"_blank\" rel=\"noopener\">K\u00f6nig Lear<\/a><\/span><br \/>\n<span style=\"font-family: arial,helvetica,sans-serif;\"> Serenade f\u00fcr Elisabeth <a href=\"https:\/\/soundcloud.com\/ernest-majo\/serenade-fur-elisabeth?in=ernest-majo\/sets\/musik-der-welt-\" target=\"_blank\" rel=\"noopener\">Serenade f\u00fcr Elisabeth<\/a><\/span><br \/>\n<span style=\"font-family: arial,helvetica,sans-serif;\"> Slawonsche Rhapsonie <a href=\"https:\/\/soundcloud.com\/ernest-majo\/slawonische-rhapsodie?in=ernest-majo\/sets\/musik-der-welt-\" target=\"_blank\" rel=\"noopener\">Slawonische Rhapsodie<\/a><\/span><br \/>\n<span style=\"font-family: arial,helvetica,sans-serif;\"> Toccata Prima <a href=\"https:\/\/soundcloud.com\/ernest-majo\/toccata-prima?in=ernest-majo\/sets\/musik-der-welt-\" target=\"_blank\" rel=\"noopener\">Toccata prima<\/a><\/span><br \/>\n<span style=\"font-family: arial,helvetica,sans-serif;\"> Rhapsodie Francaise <a href=\"https:\/\/soundcloud.com\/ernest-majo\/rhapsodie-francaise?in=ernest-majo\/sets\/musik-der-welt-\" target=\"_blank\" rel=\"noopener\">Rhapsodie Fran\u00e7aise<\/a><\/span><br \/>\n<span style=\"font-family: arial,helvetica,sans-serif;\"> Schw\u00e4bische Geschichten <a href=\"https:\/\/soundcloud.com\/ernest-majo\/schwabische-geschichten?in=ernest-majo\/sets\/musik-der-welt-\" target=\"_blank\" rel=\"noopener\">Schw\u00e4bische Geschichten<\/a><\/span><br \/>\n<span style=\"font-family: arial,helvetica,sans-serif;\"> Zirkuspremiere <a href=\"https:\/\/soundcloud.com\/ernest-majo\/zirkuspramiere-overture?in=ernest-majo\/sets\/musik-der-welt-\" target=\"_blank\" rel=\"noopener\">Zirkuspremiere<\/a><\/span><br \/>\n<span style=\"font-family: arial,helvetica,sans-serif;\"> Puszta Legende <a href=\"https:\/\/soundcloud.com\/ernest-majo\/pusta-legende?in=ernest-majo\/sets\/musik-der-welt-\" target=\"_blank\" rel=\"noopener\">Puszta Legende<\/a><\/span><br \/>\n<span style=\"font-family: arial,helvetica,sans-serif;\"> March of Westminister <a href=\"https:\/\/soundcloud.com\/ernest-majo\/march-of-westminister?in=ernest-majo\/sets\/musik-der-welt-\" target=\"_blank\" rel=\"noopener\">March of Westminster<\/a><\/span><br \/>\n<span style=\"font-family: arial,helvetica,sans-serif;\"> The house of the rising sun <a href=\"https:\/\/soundcloud.com\/ernest-majo\/when-jonny-comes-marching-home?in=ernest-majo\/sets\/musik-der-welt-\" target=\"_blank\" rel=\"noopener\">The house of the rising sun<\/a><\/span><br \/>\n<span style=\"font-family: arial,helvetica,sans-serif;\"> When Jonny comes marching home <a href=\"https:\/\/soundcloud.com\/ernest-majo\/when-jonny-comes-marching-home?in=ernest-majo\/sets\/musik-der-welt-\" target=\"_blank\" rel=\"noopener\">When Jonny comes marching home<\/a><\/span><br \/>\n<span style=\"font-family: arial,helvetica,sans-serif;\">Balkan express <a href=\"https:\/\/www.youtube.com\/watch?v=wOJvAqzvWS\" target=\"_blank\" rel=\"noopener\"> Balkan Express<\/a><\/span><\/p>\n<p><span style=\"font-family: arial,helvetica,sans-serif; font-size: 18pt;\"><strong>Chamber music or music for small groups<\/strong><\/span><br \/>\n<span style=\"font-family: arial,helvetica,sans-serif;\"> Aphorismen f\u00fcr zwei Celli und Orgel : <a href=\"https:\/\/soundcloud.com\/ernest-majo\/sets\/aphorisme\" target=\"_blank\" rel=\"noopener\">Aphorismen<\/a><\/span><br \/>\n<span style=\"font-family: arial,helvetica,sans-serif;\"> Assoziationen f\u00fcr Trompete und Orgel: <a href=\"https:\/\/soundcloud.com\/ernest-majo\/sets\/assoziatione\" target=\"_blank\" rel=\"noopener\"> Assoziationen f\u00fcr Trompete und Orgel<\/a><\/span><br \/>\n<span style=\"font-family: arial,helvetica,sans-serif;\"> Concertino Religioso f\u00fcr vier Cellisten und Orgel: <a href=\"https:\/\/soundcloud.com\/ernest-majo\/sets\/concerto-religios\" target=\"_blank\" rel=\"noopener\">Concertino Religioso<\/a><\/span><br \/>\n<span style=\"font-family: arial,helvetica,sans-serif;\"> Pr\u00e4ludium \u00fcber BACH f\u00fcr vier Posaunen: <a href=\"https:\/\/soundcloud.com\/ernest-majo\/sets\/praeludium-ueber-bac\" target=\"_blank\" rel=\"noopener\">BACH<\/a><\/span><br \/>\n<span style=\"font-family: arial,helvetica,sans-serif;\"> Concertino piccolo f\u00fcr Blockfl\u00f6te, 4 Toms, Strichquintett <a href=\"https:\/\/soundcloud.com\/ernest-majo\/sets\/homage-aus-instrument\" target=\"_blank\" rel=\"noopener\">Concertino <\/a><\/span><br \/>\n<span style=\"font-family: arial,helvetica,sans-serif;\"> Konzert f\u00fcr Fl\u00f6te, Klarinette und Perussion <a href=\"https:\/\/soundcloud.com\/ernest-majo\/konzer-fur-flote-klarinette-und-percussion?in=ernest-majo\/sets\/homage-aus-instrument\" target=\"_blank\" rel=\"noopener\">Konzert<\/a><\/span><br \/>\n<span style=\"font-family: arial,helvetica,sans-serif;\"> Septett in 3 S\u00e4tzen <a href=\"https:\/\/soundcloud.com\/ernest-majo\/septett-3-satze?in=ernest-majo\/sets\/homage-aus-instrument\" target=\"_blank\" rel=\"noopener\">Septett<\/a><\/span><br \/>\n<span style=\"font-family: arial,helvetica,sans-serif;\"> Konzert f\u00fcr f\u00fcnf Bl\u00e4ser und Pauken <a href=\"https:\/\/soundcloud.com\/ernest-majo\/konzert-fur-blaser-und-pauke\" target=\"_blank\" rel=\"noopener\">Konzert<\/a><\/span><br \/>\n<span style=\"font-family: arial,helvetica,sans-serif;\"> Suite per quattro- Fagott, Klarinette <a href=\"https:\/\/soundcloud.com\/ernest-majo\/suite-per-quattr\" target=\"_blank\" rel=\"noopener\">Suite<\/a><\/span><\/p>\n<p><span style=\"font-family: arial,helvetica,sans-serif;\">Kanzonette \u00fcber ein Japanisches Volkslied f\u00fcr Harfe und Fl\u00f6te <a href=\"https:\/\/soundcloud.com\/ernest-majo\/kanzonette-uber-ein-japanisches-volkslie\" target=\"_blank\" rel=\"noopener\">Kanzonette<\/a><\/span><\/p>\n<p><span style=\"font-family: arial,helvetica,sans-serif;\"> <strong>Der Kreuzweg<\/strong>, Meditationen \u00fcber eine Passion f\u00fcr Orgel, Tenor Bariton und Bl\u00e4serquartett:<\/span><br \/>\n<a href=\"https:\/\/soundcloud.com\/ernest-majo\/sets\/der-kreuzwe\" target=\"_blank\" rel=\"noopener\"><span style=\"font-family: arial,helvetica,sans-serif;\"> Kreuzweg<\/span><\/a><\/p>\n<p><span style=\"font-family: arial,helvetica,sans-serif;\"><a href=\"https:\/\/soundcloud.com\/ernest-majo\/sets\/sieben-psalmen-fuer-alt-harf\" target=\"_blank\" rel=\"noopener\"><strong>Sieben Psalmen f\u00fcr Alt, Harfe, Orgel<\/strong><\/a><\/span><br \/>\n<span style=\"font-family: arial,helvetica,sans-serif;\"> Mutter<\/span><br \/>\n<span style=\"font-family: arial,helvetica,sans-serif;\"> Ein neuer Stern<\/span><br \/>\n<span style=\"font-family: arial,helvetica,sans-serif;\"> Lebensernte<\/span><br \/>\n<span style=\"font-family: arial,helvetica,sans-serif;\"> Der Weg<\/span><br \/>\n<span style=\"font-family: arial,helvetica,sans-serif;\"> Die Zeit<\/span><br \/>\n<span style=\"font-family: arial,helvetica,sans-serif;\"> Ewigkeit<\/span><br \/>\n<span style=\"font-family: arial,helvetica,sans-serif;\"> Credo<\/span><br \/>\n<span style=\"font-family: arial,helvetica,sans-serif;\"> Melodia ostinata aus der Orgelsuite<\/span><br \/>\n<span style=\"font-family: arial,helvetica,sans-serif;\"> Kindergebete<\/span><br \/>\n<span style=\"font-family: arial,helvetica,sans-serif;\"> hier gehts zur <strong>Playlist von den Sieben Psalmen<\/strong> mit den einzelnen Tracks: <a href=\"https:\/\/soundcloud.com\/ernest-majo\/sets\/sieben-psalmen-fuer-alt-harf\" target=\"_blank\" rel=\"noopener\">Psalmen<\/a><\/span><\/p>\n<p><span style=\"font-family: arial,helvetica,sans-serif;\"><a href=\"https:\/\/soundcloud.com\/ernest-majo\/sets\/visionen-eine-passion-fue\" target=\"_blank\" rel=\"noopener\"><strong>&#8222;Visionen&#8220;- eine Passion f\u00fcr Bariton, Streichquartett, Orgel<\/strong><\/a><\/span><br \/>\n<span style=\"font-family: arial,helvetica,sans-serif;\"> Rettet mich<\/span><br \/>\n<span style=\"font-family: arial,helvetica,sans-serif;\"> Ich will<\/span><br \/>\n<span style=\"font-family: arial,helvetica,sans-serif;\"> Apokalypse<\/span><br \/>\n<span style=\"font-family: arial,helvetica,sans-serif;\"> Glauben-Hoffen<\/span><br \/>\n<span style=\"font-family: arial,helvetica,sans-serif;\"> Einfalt-R\u00e4tsel<\/span><br \/>\n<span style=\"font-family: arial,helvetica,sans-serif;\"> Schweiget<\/span><br \/>\n<span style=\"font-family: arial,helvetica,sans-serif;\"> Check out the <strong>playlist\u00a0 of Visionen<\/strong> <a href=\"https:\/\/soundcloud.com\/ernest-majo\/sets\/visionen-eine-passion-fue\" target=\"_blank\" rel=\"noopener\">Visionen<\/a><\/span><br \/>\n<span style=\"font-family: arial,helvetica,sans-serif;\"><strong>Free Note download of the <\/strong>Visionen: <a href=\"https:\/\/www.ernest-majo.com\/en\/notendownload\/\">Noten Visionen<\/a><\/span><\/p>\n<p><span style=\"font-family: arial, helvetica, sans-serif;\"><strong><span style=\"font-size: 16pt;\">Music for organ<\/span><br \/>\n<\/strong>Pr\u00e4ludium f\u00fcr Orgel aus der Orgelsuite <a href=\"https:\/\/soundcloud.com\/ernest-majo\/pradludium-fur-orgel-aus-der-orgelsuit\" target=\"_blank\" rel=\"noopener\">Pr\u00e4ludium<\/a><\/span><br \/>\n<span style=\"font-family: arial, helvetica, sans-serif;\">Lobegesang aus der Orgelsuite <a href=\"https:\/\/soundcloud.com\/ernest-majo\/lobegesang-aus-der-orgelsuit\" target=\"_blank\" rel=\"noopener\">Lobegesang<\/a><\/span><\/p>\n<p>&nbsp;<\/p>\n<p><span style=\"font-family: arial,helvetica,sans-serif;\">Videos: Ernest auf Youtube<\/span><br \/>\n<span style=\"font-family: arial,helvetica,sans-serif;\"> <a href=\"https:\/\/www.youtube.com\/watch?v=2-ItAMTmr-8&amp;list=PLiMHB4UNgHRe6gNHjNYe2H6Il4WxfJ49\" target=\"_blank\" rel=\"noopener\">Aporismen<\/a><\/span><br \/>\n<span style=\"font-family: arial,helvetica,sans-serif;\"> <a href=\"https:\/\/www.youtube.com\/watch?v=vZdguwBSpLU&amp;index=2&amp;list=PLiMHB4UNgHRe6gNHjNYe2H6Il4WxfJ49\" target=\"_blank\" rel=\"noopener\">Aporismen 2<\/a><\/span><\/p>","protected":false},"excerpt":{"rendered":"<p>On this site, you can find sheet music from Ernest Majo for free download: If you want to know which publishing company is involved please check the Gemaonline search If you have problems, please feel free to contact me All blue titles are clickable and can be listened to. Symphonic music for brass orchestra\/ instruments [&hellip;]<\/p>","protected":false},"author":1,"featured_media":0,"parent":0,"menu_order":0,"comment_status":"closed","ping_status":"closed","template":"","meta":{"_acf_changed":false,"pgc_sgb_lightbox_settings":"","footnotes":""},"class_list":["post-23","page","type-page","status-publish","hentry"],"translation":{"provider":"WPGlobus","version":"3.0.1","language":"en","enabled_languages":["de","en"],"languages":{"de":{"title":true,"content":true,"excerpt":false},"en":{"title":true,"content":true,"excerpt":false}}},"acf":[],"_links":{"self":[{"href":"https:\/\/www.ernest-majo.com\/en\/wp-json\/wp\/v2\/pages\/23","targetHints":{"allow":["GET"]}}],"collection":[{"href":"https:\/\/www.ernest-majo.com\/en\/wp-json\/wp\/v2\/pages"}],"about":[{"href":"https:\/\/www.ernest-majo.com\/en\/wp-json\/wp\/v2\/types\/page"}],"author":[{"embeddable":true,"href":"https:\/\/www.ernest-majo.com\/en\/wp-json\/wp\/v2\/users\/1"}],"replies":[{"embeddable":true,"href":"https:\/\/www.ernest-majo.com\/en\/wp-json\/wp\/v2\/comments?post=23"}],"version-history":[{"count":57,"href":"https:\/\/www.ernest-majo.com\/en\/wp-json\/wp\/v2\/pages\/23\/revisions"}],"predecessor-version":[{"id":670,"href":"https:\/\/www.ernest-majo.com\/en\/wp-json\/wp\/v2\/pages\/23\/revisions\/670"}],"wp:attachment":[{"href":"https:\/\/www.ernest-majo.com\/en\/wp-json\/wp\/v2\/media?parent=23"}],"curies":[{"name":"wp","href":"https:\/\/api.w.org\/{rel}","templated":true}]}}